{"id":95,"date":"2026-02-01T21:54:49","date_gmt":"2026-02-01T20:54:49","guid":{"rendered":"https:\/\/dricebagy.com\/?page_id=95"},"modified":"2026-02-22T21:13:41","modified_gmt":"2026-02-22T20:13:41","slug":"apprenons-a-se-connaitre","status":"publish","type":"page","link":"https:\/\/dricebagy.com\/index.php\/apprenons-a-se-connaitre\/","title":{"rendered":"Apprenons \u00e0 se conna\u00eetre"},"content":{"rendered":"\n<div class=\"wp-block-group alignfull is-style-section-5 has-global-padding is-layout-constrained wp-block-group-is-layout-constrained\" style=\"margin-top:0;margin-bottom:0;padding-top:var(--wp--preset--spacing--50);padding-bottom:var(--wp--preset--spacing--50)\">\n<div class=\"wp-block-columns alignwide is-layout-flex wp-container-core-columns-is-layout-7ee84d44 wp-block-columns-is-layout-flex\">\n<div class=\"wp-block-column is-vertically-aligned-center is-layout-flow wp-block-column-is-layout-flow\" style=\"flex-basis:50%\">\n<figure class=\"wp-block-image size-full is-resized wp-duotone-unset-1\"><img loading=\"lazy\" decoding=\"async\" width=\"1220\" height=\"1220\" src=\"https:\/\/dricebagy.com\/wp-content\/uploads\/2026\/02\/20251011_180341-scaled-e1770761588270.jpeg\" alt=\"\" class=\"wp-image-129\" style=\"object-fit:cover;width:645px;height:auto\" srcset=\"https:\/\/dricebagy.com\/wp-content\/uploads\/2026\/02\/20251011_180341-scaled-e1770761588270.jpeg 1220w, https:\/\/dricebagy.com\/wp-content\/uploads\/2026\/02\/20251011_180341-scaled-e1770761588270-300x300.jpeg 300w, https:\/\/dricebagy.com\/wp-content\/uploads\/2026\/02\/20251011_180341-scaled-e1770761588270-1024x1024.jpeg 1024w, https:\/\/dricebagy.com\/wp-content\/uploads\/2026\/02\/20251011_180341-scaled-e1770761588270-150x150.jpeg 150w, https:\/\/dricebagy.com\/wp-content\/uploads\/2026\/02\/20251011_180341-scaled-e1770761588270-768x768.jpeg 768w\" sizes=\"auto, (max-width: 1220px) 100vw, 1220px\" \/><\/figure>\n<\/div>\n\n\n\n<div class=\"wp-block-column is-vertically-aligned-center is-layout-flow wp-block-column-is-layout-flow\" style=\"flex-basis:50%\">\n<h2 class=\"wp-block-heading has-xx-large-font-size\">Moi c&rsquo;est Drice<\/h2>\n\n\n\n<p>J&rsquo;ai 27 ans et je bosse dans la com, le web et le graphisme. J&rsquo;ai beaucoup d&rsquo;id\u00e9es et je les transforme en projets sur mon temps libre, prenez le temps de les d\u00e9couvrir sur la <a href=\"https:\/\/dricebagy.com\/index.php\/accueil\/blog\/\" data-type=\"page\" data-id=\"7\">page projets<\/a> ou sur les liens ci-dessous.<\/p>\n\n\n\n<div class=\"wp-block-group is-vertical is-layout-flex wp-container-core-group-is-layout-41e20069 wp-block-group-is-layout-flex\">\n<h3 class=\"wp-block-heading has-small-font-size\" style=\"font-style:normal;font-weight:600;letter-spacing:1px;text-transform:uppercase\">MES supers plateformes<\/h3>\n\n\n\n<div class=\"wp-block-group is-layout-flex wp-block-group-is-layout-flex\">\n<p class=\"is-style-text-annotation\"><a href=\"https:\/\/www.instagram.com\/levraidrice\/\">Instagram<\/a><\/p>\n\n\n\n<p class=\"is-style-text-annotation\"><a href=\"http:\/\/www.linkedin.com\/in\/dricebagy\">Linkedin<\/a><\/p>\n\n\n\n<p class=\"is-style-text-annotation\"><a href=\"https:\/\/www.tiktok.com\/@levraidrice\">Tiktok<\/a><\/p>\n<\/div>\n<\/div>\n<\/div>\n<\/div>\n<\/div>\n\n\n\n<div class=\"wp-block-group alignfull is-style-section-5 has-global-padding is-layout-constrained wp-block-group-is-layout-constrained\" style=\"margin-top:0;margin-bottom:0;padding-top:var(--wp--preset--spacing--50);padding-bottom:var(--wp--preset--spacing--50)\">\n<div class=\"wp-block-columns alignwide is-layout-flex wp-container-core-columns-is-layout-7ee84d44 wp-block-columns-is-layout-flex\">\n<div class=\"wp-block-column is-vertically-aligned-center is-layout-flow wp-block-column-is-layout-flow\" style=\"flex-basis:50%\">\n<h2 class=\"wp-block-heading\">Ce que vous devez retenir<\/h2>\n\n\n\n<p class=\"has-medium-font-size\">J\u2019avance avec le sourire, des id\u00e9es plein la t\u00eate et une bonne dose de d\u00e9termination. <\/p>\n\n\n\n<p>La cr\u00e9ativit\u00e9, c\u2019est mon terrain de jeu : <\/p>\n\n\n\n<ul class=\"wp-block-list has-medium-font-size\">\n<li>j\u2019aime imaginer, <\/li>\n\n\n\n<li>tester, <\/li>\n\n\n\n<li>cr\u00e9er <\/li>\n\n\n\n<li>et parfois r\u00e9inventer. <\/li>\n<\/ul>\n\n\n\n<p class=\"has-medium-font-size\">Et quand un d\u00e9fi se pr\u00e9sente, je le prends comme une invitation \u00e0 faire mieux, autrement\u2026 et avec enthousiasme. <\/p>\n\n\n\n<p class=\"has-medium-font-size\">Bref, je fais les choses s\u00e9rieusement, sans jamais me prendre trop au s\u00e9rieux.<\/p>\n<\/div>\n\n\n\n<div class=\"wp-block-column is-vertically-aligned-center is-layout-flow wp-block-column-is-layout-flow\" style=\"flex-basis:50%\">\n<figure class=\"wp-block-image size-full is-style-default wp-duotone-unset-2\"><img loading=\"lazy\" decoding=\"async\" width=\"1000\" height=\"1000\" src=\"https:\/\/dricebagy.com\/wp-content\/uploads\/2026\/02\/04b13e3d-cf70-4f0c-a216-f4562f691223-e1770296398633.jpg\" alt=\"\" class=\"wp-image-111\" style=\"aspect-ratio:1;object-fit:cover\" srcset=\"https:\/\/dricebagy.com\/wp-content\/uploads\/2026\/02\/04b13e3d-cf70-4f0c-a216-f4562f691223-e1770296398633.jpg 1000w, https:\/\/dricebagy.com\/wp-content\/uploads\/2026\/02\/04b13e3d-cf70-4f0c-a216-f4562f691223-e1770296398633-300x300.jpg 300w, https:\/\/dricebagy.com\/wp-content\/uploads\/2026\/02\/04b13e3d-cf70-4f0c-a216-f4562f691223-e1770296398633-150x150.jpg 150w, https:\/\/dricebagy.com\/wp-content\/uploads\/2026\/02\/04b13e3d-cf70-4f0c-a216-f4562f691223-e1770296398633-768x768.jpg 768w\" sizes=\"auto, (max-width: 1000px) 100vw, 1000px\" \/><\/figure>\n<\/div>\n<\/div>\n<\/div>\n\n\n\n<div class=\"wp-block-group alignfull is-style-section-1 has-global-padding is-layout-constrained wp-block-group-is-layout-constrained\" style=\"margin-top:0;margin-bottom:0;padding-top:var(--wp--preset--spacing--80);padding-bottom:var(--wp--preset--spacing--80)\">\n<h2 class=\"wp-block-heading has-text-align-center has-foreground-color has-text-color has-link-color wp-elements-f89e4d5646eab542d0426c66bb4d3c3d\">J&rsquo;ai r\u00e9sum\u00e9 le tout dans un <br>\u2b95 super CV \u2b05<\/h2>\n\n\n\n<div style=\"height:var(--wp--preset--spacing--30)\" aria-hidden=\"true\" class=\"wp-block-spacer\"><\/div>\n\n\n\n<div class=\"wp-block-columns is-layout-flex wp-container-core-columns-is-layout-28f84493 wp-block-columns-is-layout-flex\">\n<div class=\"wp-block-column is-layout-flow wp-block-column-is-layout-flow\">\n<div class=\"wp-block-group has-global-padding is-layout-constrained wp-block-group-is-layout-constrained\">\n<div class=\"wp-block-buttons is-content-justification-center is-layout-flex wp-container-core-buttons-is-layout-a89b3969 wp-block-buttons-is-layout-flex\">\n<div class=\"wp-block-button\"><a class=\"wp-block-button__link has-text-align-center wp-element-button\" href=\"https:\/\/dricebagy.com\/wp-content\/uploads\/2026\/02\/CV-Drice-Bagy-feb2026.pdf\">Super CV \u00e0 d\u00e9couvrir<\/a><\/div>\n<\/div>\n<\/div>\n<\/div>\n<\/div>\n<\/div>\n\n\n\n<div class=\"wp-block-group alignfull has-global-padding is-layout-constrained wp-container-core-group-is-layout-7b7fb7ac wp-block-group-is-layout-constrained\" style=\"margin-top:0;margin-bottom:0;padding-top:var(--wp--preset--spacing--50);padding-bottom:var(--wp--preset--spacing--50)\">\n<div class=\"wp-block-group alignwide is-content-justification-space-between is-layout-flex wp-container-core-group-is-layout-9366075c wp-block-group-is-layout-flex\">\n<h2 class=\"wp-block-heading alignwide has-text-align-left is-style-text-subtitle has-x-large-font-size\">Mes inspirations<\/h2>\n\n\n\n<p><\/p>\n\n\n\n<p class=\"is-style-text-annotation\">Vous ne connaissez pas ? Cliquez \ud83d\ude09<\/p>\n<\/div>\n\n\n\n<div class=\"wp-block-group alignwide is-layout-grid wp-container-core-group-is-layout-f8db4e7b wp-block-group-is-layout-grid\">\n<figure class=\"wp-block-image size-large is-style-tove-shaded wp-duotone-374ac8-ffc3cf-3\"><a href=\"https:\/\/youtu.be\/AFCPkrS2ZV4?si=Z0ZmhSlE1kMOGOYm\"><img loading=\"lazy\" decoding=\"async\" width=\"1024\" height=\"1024\" src=\"https:\/\/dricebagy.com\/wp-content\/uploads\/2026\/02\/0x1900-000000-80-0-0-1024x1024.jpg\" alt=\"\" class=\"wp-image-133\" srcset=\"https:\/\/dricebagy.com\/wp-content\/uploads\/2026\/02\/0x1900-000000-80-0-0-1024x1024.jpg 1024w, https:\/\/dricebagy.com\/wp-content\/uploads\/2026\/02\/0x1900-000000-80-0-0-300x300.jpg 300w, https:\/\/dricebagy.com\/wp-content\/uploads\/2026\/02\/0x1900-000000-80-0-0-150x150.jpg 150w, https:\/\/dricebagy.com\/wp-content\/uploads\/2026\/02\/0x1900-000000-80-0-0-768x768.jpg 768w, https:\/\/dricebagy.com\/wp-content\/uploads\/2026\/02\/0x1900-000000-80-0-0.jpg 1200w\" sizes=\"auto, (max-width: 1024px) 100vw, 1024px\" \/><\/a><\/figure>\n\n\n\n<figure class=\"wp-block-image size-full is-style-tove-shaded wp-container-content-a7057f16 wp-duotone-374ac8-ffc3cf-4\"><a href=\"https:\/\/www.youtube.com\/watch?v=S757Hf_KGpI\"><img loading=\"lazy\" decoding=\"async\" width=\"720\" height=\"720\" src=\"https:\/\/dricebagy.com\/wp-content\/uploads\/2026\/02\/phpDEnRI8-edited.jpg\" alt=\"\" class=\"wp-image-135\" srcset=\"https:\/\/dricebagy.com\/wp-content\/uploads\/2026\/02\/phpDEnRI8-edited.jpg 720w, https:\/\/dricebagy.com\/wp-content\/uploads\/2026\/02\/phpDEnRI8-edited-300x300.jpg 300w, https:\/\/dricebagy.com\/wp-content\/uploads\/2026\/02\/phpDEnRI8-edited-150x150.jpg 150w\" sizes=\"auto, (max-width: 720px) 100vw, 720px\" \/><\/a><\/figure>\n\n\n\n<figure class=\"wp-block-image size-full is-style-tove-shaded wp-duotone-374ac8-ffc3cf-5\"><a href=\"https:\/\/www.youtube.com\/watch?v=okKV92oV-UU\"><img loading=\"lazy\" decoding=\"async\" width=\"450\" height=\"450\" src=\"https:\/\/dricebagy.com\/wp-content\/uploads\/2026\/02\/la-la-land-the-musical.jpg\" alt=\"\" class=\"wp-image-136\" srcset=\"https:\/\/dricebagy.com\/wp-content\/uploads\/2026\/02\/la-la-land-the-musical.jpg 450w, https:\/\/dricebagy.com\/wp-content\/uploads\/2026\/02\/la-la-land-the-musical-300x300.jpg 300w, https:\/\/dricebagy.com\/wp-content\/uploads\/2026\/02\/la-la-land-the-musical-150x150.jpg 150w\" sizes=\"auto, (max-width: 450px) 100vw, 450px\" \/><\/a><\/figure>\n\n\n\n<figure class=\"wp-block-image size-large is-style-tove-shaded wp-container-content-a7057f16 wp-duotone-374ac8-ffc3cf-6\"><a href=\"https:\/\/www.youtube.com\/watch?v=VHWDHUQKFyA\"><img loading=\"lazy\" decoding=\"async\" width=\"1024\" height=\"1024\" src=\"https:\/\/dricebagy.com\/wp-content\/uploads\/2026\/02\/better-call-saul-bob-odenkirk-as-saul-goodman-season-6-2022-2048x2048-7849-1024x1024.jpg\" alt=\"\" class=\"wp-image-137\" srcset=\"https:\/\/dricebagy.com\/wp-content\/uploads\/2026\/02\/better-call-saul-bob-odenkirk-as-saul-goodman-season-6-2022-2048x2048-7849-1024x1024.jpg 1024w, https:\/\/dricebagy.com\/wp-content\/uploads\/2026\/02\/better-call-saul-bob-odenkirk-as-saul-goodman-season-6-2022-2048x2048-7849-300x300.jpg 300w, https:\/\/dricebagy.com\/wp-content\/uploads\/2026\/02\/better-call-saul-bob-odenkirk-as-saul-goodman-season-6-2022-2048x2048-7849-150x150.jpg 150w, https:\/\/dricebagy.com\/wp-content\/uploads\/2026\/02\/better-call-saul-bob-odenkirk-as-saul-goodman-season-6-2022-2048x2048-7849-768x768.jpg 768w, https:\/\/dricebagy.com\/wp-content\/uploads\/2026\/02\/better-call-saul-bob-odenkirk-as-saul-goodman-season-6-2022-2048x2048-7849-1536x1536.jpg 1536w, https:\/\/dricebagy.com\/wp-content\/uploads\/2026\/02\/better-call-saul-bob-odenkirk-as-saul-goodman-season-6-2022-2048x2048-7849.jpg 2048w\" sizes=\"auto, (max-width: 1024px) 100vw, 1024px\" \/><\/a><\/figure>\n\n\n\n<figure class=\"wp-block-image size-large wp-duotone-374ac8-ffc3cf-7\"><a href=\"https:\/\/youtu.be\/1Rx_p3NW7gQ?si=84UU4ZdoATGG0vix\"><img loading=\"lazy\" decoding=\"async\" width=\"1024\" height=\"1024\" src=\"https:\/\/dricebagy.com\/wp-content\/uploads\/2026\/02\/71nrh7fjBJL-1024x1024.jpg\" alt=\"\" class=\"wp-image-138\" srcset=\"https:\/\/dricebagy.com\/wp-content\/uploads\/2026\/02\/71nrh7fjBJL-1024x1024.jpg 1024w, https:\/\/dricebagy.com\/wp-content\/uploads\/2026\/02\/71nrh7fjBJL-300x300.jpg 300w, https:\/\/dricebagy.com\/wp-content\/uploads\/2026\/02\/71nrh7fjBJL-150x150.jpg 150w, https:\/\/dricebagy.com\/wp-content\/uploads\/2026\/02\/71nrh7fjBJL-768x768.jpg 768w, https:\/\/dricebagy.com\/wp-content\/uploads\/2026\/02\/71nrh7fjBJL-1536x1536.jpg 1536w, https:\/\/dricebagy.com\/wp-content\/uploads\/2026\/02\/71nrh7fjBJL-2048x2048.jpg 2048w\" sizes=\"auto, (max-width: 1024px) 100vw, 1024px\" \/><\/a><\/figure>\n\n\n\n<figure class=\"wp-block-image size-large wp-duotone-374ac8-ffc3cf-8\"><a href=\"https:\/\/www.youtube.com\/watch?v=cjJLEYMzpjc\"><img loading=\"lazy\" decoding=\"async\" width=\"1024\" height=\"1024\" src=\"https:\/\/dricebagy.com\/wp-content\/uploads\/2026\/02\/tumblr_static_hiii-1024x1024.jpg\" alt=\"\" class=\"wp-image-139\" srcset=\"https:\/\/dricebagy.com\/wp-content\/uploads\/2026\/02\/tumblr_static_hiii-1024x1024.jpg 1024w, https:\/\/dricebagy.com\/wp-content\/uploads\/2026\/02\/tumblr_static_hiii-300x300.jpg 300w, https:\/\/dricebagy.com\/wp-content\/uploads\/2026\/02\/tumblr_static_hiii-150x150.jpg 150w, https:\/\/dricebagy.com\/wp-content\/uploads\/2026\/02\/tumblr_static_hiii-768x768.jpg 768w, https:\/\/dricebagy.com\/wp-content\/uploads\/2026\/02\/tumblr_static_hiii-1536x1536.jpg 1536w, https:\/\/dricebagy.com\/wp-content\/uploads\/2026\/02\/tumblr_static_hiii.jpg 2000w\" sizes=\"auto, (max-width: 1024px) 100vw, 1024px\" \/><\/a><\/figure>\n\n\n\n<figure class=\"wp-block-image size-full wp-duotone-374ac8-ffc3cf-9\"><a href=\"https:\/\/www.youtube.com\/watch?v=jY5neHkqT_Y\"><img loading=\"lazy\" decoding=\"async\" width=\"512\" height=\"512\" src=\"https:\/\/dricebagy.com\/wp-content\/uploads\/2026\/02\/icon0.jpg\" alt=\"\" class=\"wp-image-140\" srcset=\"https:\/\/dricebagy.com\/wp-content\/uploads\/2026\/02\/icon0.jpg 512w, https:\/\/dricebagy.com\/wp-content\/uploads\/2026\/02\/icon0-300x300.jpg 300w, https:\/\/dricebagy.com\/wp-content\/uploads\/2026\/02\/icon0-150x150.jpg 150w\" sizes=\"auto, (max-width: 512px) 100vw, 512px\" \/><\/a><\/figure>\n\n\n\n<figure class=\"wp-block-image size-full wp-duotone-374ac8-ffc3cf-10\"><a href=\"https:\/\/www.youtube.com\/watch?v=AdS5ux3G-Gc\"><img loading=\"lazy\" decoding=\"async\" width=\"500\" height=\"500\" src=\"https:\/\/dricebagy.com\/wp-content\/uploads\/2026\/02\/creed.png\" alt=\"\" class=\"wp-image-141\" srcset=\"https:\/\/dricebagy.com\/wp-content\/uploads\/2026\/02\/creed.png 500w, https:\/\/dricebagy.com\/wp-content\/uploads\/2026\/02\/creed-300x300.png 300w, https:\/\/dricebagy.com\/wp-content\/uploads\/2026\/02\/creed-150x150.png 150w\" sizes=\"auto, (max-width: 500px) 100vw, 500px\" \/><\/a><\/figure>\n\n\n\n<figure class=\"wp-block-image size-full wp-duotone-374ac8-ffc3cf-11\"><a href=\"https:\/\/www.youtube.com\/watch?v=fUb22qTbHh0\"><img loading=\"lazy\" decoding=\"async\" width=\"636\" height=\"635\" src=\"https:\/\/dricebagy.com\/wp-content\/uploads\/2026\/02\/UNIQLO_logo.jpg\" alt=\"\" class=\"wp-image-142\" srcset=\"https:\/\/dricebagy.com\/wp-content\/uploads\/2026\/02\/UNIQLO_logo.jpg 636w, https:\/\/dricebagy.com\/wp-content\/uploads\/2026\/02\/UNIQLO_logo-300x300.jpg 300w, https:\/\/dricebagy.com\/wp-content\/uploads\/2026\/02\/UNIQLO_logo-150x150.jpg 150w\" sizes=\"auto, (max-width: 636px) 100vw, 636px\" \/><\/a><\/figure>\n\n\n\n<figure class=\"wp-block-image size-full wp-duotone-374ac8-ffc3cf-12\"><a href=\"https:\/\/www.youtube.com\/watch?v=M0au92yebLQ\"><img loading=\"lazy\" decoding=\"async\" width=\"512\" height=\"512\" src=\"https:\/\/dricebagy.com\/wp-content\/uploads\/2026\/02\/639802_apple_512x512.png\" alt=\"\" class=\"wp-image-143\" srcset=\"https:\/\/dricebagy.com\/wp-content\/uploads\/2026\/02\/639802_apple_512x512.png 512w, https:\/\/dricebagy.com\/wp-content\/uploads\/2026\/02\/639802_apple_512x512-300x300.png 300w, https:\/\/dricebagy.com\/wp-content\/uploads\/2026\/02\/639802_apple_512x512-150x150.png 150w\" sizes=\"auto, (max-width: 512px) 100vw, 512px\" \/><\/a><\/figure>\n\n\n\n<figure class=\"wp-block-image size-full wp-duotone-374ac8-ffc3cf-13\"><a href=\"https:\/\/www.youtube.com\/watch?v=gNPy_CO4zqA\"><img loading=\"lazy\" decoding=\"async\" width=\"474\" height=\"474\" src=\"https:\/\/dricebagy.com\/wp-content\/uploads\/2026\/02\/97ccfb4df6cbcf12cbb8571b92041ac7-edited.jpg\" alt=\"\" class=\"wp-image-145\" srcset=\"https:\/\/dricebagy.com\/wp-content\/uploads\/2026\/02\/97ccfb4df6cbcf12cbb8571b92041ac7-edited.jpg 474w, https:\/\/dricebagy.com\/wp-content\/uploads\/2026\/02\/97ccfb4df6cbcf12cbb8571b92041ac7-edited-300x300.jpg 300w, https:\/\/dricebagy.com\/wp-content\/uploads\/2026\/02\/97ccfb4df6cbcf12cbb8571b92041ac7-edited-150x150.jpg 150w\" sizes=\"auto, (max-width: 474px) 100vw, 474px\" \/><\/a><\/figure>\n\n\n\n<figure class=\"wp-block-image size-full wp-duotone-374ac8-ffc3cf-14\"><a href=\"https:\/\/www.youtube.com\/watch?v=dxqQcsuQSq0\"><img loading=\"lazy\" decoding=\"async\" width=\"400\" height=\"400\" src=\"https:\/\/dricebagy.com\/wp-content\/uploads\/2026\/02\/keith-haring-untitled-c-1988_u-l-f4y1ut0.jpg\" alt=\"\" class=\"wp-image-146\" srcset=\"https:\/\/dricebagy.com\/wp-content\/uploads\/2026\/02\/keith-haring-untitled-c-1988_u-l-f4y1ut0.jpg 400w, https:\/\/dricebagy.com\/wp-content\/uploads\/2026\/02\/keith-haring-untitled-c-1988_u-l-f4y1ut0-300x300.jpg 300w, https:\/\/dricebagy.com\/wp-content\/uploads\/2026\/02\/keith-haring-untitled-c-1988_u-l-f4y1ut0-150x150.jpg 150w\" sizes=\"auto, (max-width: 400px) 100vw, 400px\" \/><\/a><\/figure>\n<\/div>\n<\/div>\n\n\n\n<aside class=\"wp-block-group alignfull is-style-section-3 has-global-padding is-layout-constrained wp-container-core-group-is-layout-f0f2a97b wp-block-group-is-layout-constrained\" style=\"margin-top:0;margin-bottom:0;padding-top:var(--wp--preset--spacing--50);padding-right:var(--wp--preset--spacing--50);padding-bottom:var(--wp--preset--spacing--50);padding-left:var(--wp--preset--spacing--50)\">\n<div class=\"wp-block-group is-vertical is-content-justification-center is-layout-flex wp-container-core-group-is-layout-8778ca4a wp-block-group-is-layout-flex\" style=\"min-height:360px;margin-top:0;margin-bottom:0\">\n<h2 class=\"wp-block-heading has-text-align-center has-xx-large-font-size\">Venez me rencontrer qu&rsquo;on se parle en vrai ?<\/h2>\n\n\n\n<p class=\"has-text-align-center is-style-text-subtitle\">Je suis plus sympa devant vous, que derriere un \u00e9cran. <\/p>\n\n\n\n<p>Alors&#8230; qu&rsquo;est ce que vous attendez ?<\/p>\n\n\n\n<div class=\"wp-block-buttons is-content-justification-center is-layout-flex wp-container-core-buttons-is-layout-a89b3969 wp-block-buttons-is-layout-flex\">\n<div class=\"wp-block-button\"><a class=\"wp-block-button__link has-text-align-center wp-element-button\" href=\"https:\/\/dricebagy.com\/index.php\/contact\/\">Contactez moi<\/a><\/div>\n<\/div>\n<\/div>\n<\/aside>\n","protected":false},"excerpt":{"rendered":"<p>Moi c&rsquo;est Drice J&rsquo;ai 27 ans et je bosse dans la com, le web et le graphisme. J&rsquo;ai beaucoup d&rsquo;id\u00e9es et je les transforme en projets sur mon temps libre, prenez le temps de les d\u00e9couvrir sur la page projets ou sur les liens ci-dessous. MES supers plateformes Instagram Linkedin Tiktok Ce que vous devez [&hellip;]<\/p>\n","protected":false},"author":1,"featured_media":0,"parent":0,"menu_order":0,"comment_status":"closed","ping_status":"closed","template":"page-no-title","meta":{"footnotes":""},"class_list":["post-95","page","type-page","status-publish","hentry"],"_links":{"self":[{"href":"https:\/\/dricebagy.com\/index.php\/wp-json\/wp\/v2\/pages\/95","targetHints":{"allow":["GET"]}}],"collection":[{"href":"https:\/\/dricebagy.com\/index.php\/wp-json\/wp\/v2\/pages"}],"about":[{"href":"https:\/\/dricebagy.com\/index.php\/wp-json\/wp\/v2\/types\/page"}],"author":[{"embeddable":true,"href":"https:\/\/dricebagy.com\/index.php\/wp-json\/wp\/v2\/users\/1"}],"replies":[{"embeddable":true,"href":"https:\/\/dricebagy.com\/index.php\/wp-json\/wp\/v2\/comments?post=95"}],"version-history":[{"count":24,"href":"https:\/\/dricebagy.com\/index.php\/wp-json\/wp\/v2\/pages\/95\/revisions"}],"predecessor-version":[{"id":263,"href":"https:\/\/dricebagy.com\/index.php\/wp-json\/wp\/v2\/pages\/95\/revisions\/263"}],"wp:attachment":[{"href":"https:\/\/dricebagy.com\/index.php\/wp-json\/wp\/v2\/media?parent=95"}],"curies":[{"name":"wp","href":"https:\/\/api.w.org\/{rel}","templated":true}]}}