{"id":6,"date":"2025-12-22T13:23:26","date_gmt":"2025-12-22T12:23:26","guid":{"rendered":"https:\/\/dricebagy.com\/?page_id=6"},"modified":"2026-02-22T21:06:11","modified_gmt":"2026-02-22T20:06:11","slug":"accueil","status":"publish","type":"page","link":"https:\/\/dricebagy.com\/","title":{"rendered":""},"content":{"rendered":"\n<div class=\"wp-block-columns alignwide is-layout-flex wp-container-core-columns-is-layout-28f84493 wp-block-columns-is-layout-flex\">\n<div class=\"wp-block-column is-layout-flow wp-block-column-is-layout-flow\">\n<h1 class=\"wp-block-heading\">Bienvenue sur mon site.<\/h1>\n\n\n\n<p>Vous \u00eates au bon endroit.<br>Ici, vous pouvez d\u00e9couvrir mon univers et mes cr\u00e9ations (oui, tout \u00e7a vient de mon cerveau).<\/p>\n\n\n\n<p>Prenez le temps de parcourir, de cliquer, de fouiller un peu\u2026<br>Et si quelque chose attire votre attention ou vous donne envie d\u2019\u00e9changer, <a href=\"https:\/\/dricebagy.com\/index.php\/contact\/\" data-type=\"page\" data-id=\"97\">n\u2019h\u00e9sitez pas \u00e0 me contacter.<\/a> Promis, je r\u00e9ponds sans d\u00e9lai dramatique<\/p>\n<\/div>\n\n\n\n<div class=\"wp-block-column is-layout-flow wp-block-column-is-layout-flow\">\n<figure class=\"wp-block-image size-large is-resized\"><a href=\"https:\/\/dricebagy.com\/index.php\/apprenons-a-se-connaitre\/\"><img loading=\"lazy\" decoding=\"async\" width=\"1024\" height=\"1024\" src=\"https:\/\/dricebagy.com\/wp-content\/uploads\/2026\/02\/20251011_180341-scaled-e1770761588270-1024x1024.jpeg\" alt=\"\" class=\"wp-image-129\" style=\"width:500px\" srcset=\"https:\/\/dricebagy.com\/wp-content\/uploads\/2026\/02\/20251011_180341-scaled-e1770761588270-1024x1024.jpeg 1024w, https:\/\/dricebagy.com\/wp-content\/uploads\/2026\/02\/20251011_180341-scaled-e1770761588270-300x300.jpeg 300w, https:\/\/dricebagy.com\/wp-content\/uploads\/2026\/02\/20251011_180341-scaled-e1770761588270-150x150.jpeg 150w, https:\/\/dricebagy.com\/wp-content\/uploads\/2026\/02\/20251011_180341-scaled-e1770761588270-768x768.jpeg 768w, https:\/\/dricebagy.com\/wp-content\/uploads\/2026\/02\/20251011_180341-scaled-e1770761588270.jpeg 1220w\" sizes=\"auto, (max-width: 1024px) 100vw, 1024px\" \/><\/a><\/figure>\n\n\n\n<p><a href=\"https:\/\/dricebagy.com\/index.php\/apprenons-a-se-connaitre\/\" data-type=\"page\" data-id=\"95\">Apprenons \u00e0 se conna\u00eetre<\/a><\/p>\n<\/div>\n\n\n\n<div class=\"wp-block-column is-layout-flow wp-block-column-is-layout-flow\">\n<figure class=\"wp-block-image size-full is-resized\"><a href=\"https:\/\/dricebagy.com\/index.php\/accueil\/blog\/\"><img loading=\"lazy\" decoding=\"async\" width=\"500\" height=\"500\" src=\"https:\/\/dricebagy.com\/wp-content\/uploads\/2026\/02\/Mes-projets.jpg\" alt=\"\" class=\"wp-image-253\" style=\"width:500px\" srcset=\"https:\/\/dricebagy.com\/wp-content\/uploads\/2026\/02\/Mes-projets.jpg 500w, https:\/\/dricebagy.com\/wp-content\/uploads\/2026\/02\/Mes-projets-300x300.jpg 300w, https:\/\/dricebagy.com\/wp-content\/uploads\/2026\/02\/Mes-projets-150x150.jpg 150w\" sizes=\"auto, (max-width: 500px) 100vw, 500px\" \/><\/a><\/figure>\n\n\n\n<p><a href=\"https:\/\/dricebagy.com\/index.php\/accueil\/blog\/\" data-type=\"page\" data-id=\"7\">Je passe mon temps \u00e0 cr\u00e9er des trucs<\/a><\/p>\n<\/div>\n<\/div>\n\n\n\n<p><\/p>\n","protected":false},"excerpt":{"rendered":"<p>Bienvenue sur mon site. Vous \u00eates au bon endroit.Ici, vous pouvez d\u00e9couvrir mon univers et mes cr\u00e9ations (oui, tout \u00e7a vient de mon cerveau). Prenez le temps de parcourir, de cliquer, de fouiller un peu\u2026Et si quelque chose attire votre attention ou vous donne envie d\u2019\u00e9changer, n\u2019h\u00e9sitez pas \u00e0 me contacter. Promis, je r\u00e9ponds sans [&hellip;]<\/p>\n","protected":false},"author":1,"featured_media":0,"parent":0,"menu_order":0,"comment_status":"closed","ping_status":"closed","template":"","meta":{"footnotes":""},"class_list":["post-6","page","type-page","status-publish","hentry"],"_links":{"self":[{"href":"https:\/\/dricebagy.com\/index.php\/wp-json\/wp\/v2\/pages\/6","targetHints":{"allow":["GET"]}}],"collection":[{"href":"https:\/\/dricebagy.com\/index.php\/wp-json\/wp\/v2\/pages"}],"about":[{"href":"https:\/\/dricebagy.com\/index.php\/wp-json\/wp\/v2\/types\/page"}],"author":[{"embeddable":true,"href":"https:\/\/dricebagy.com\/index.php\/wp-json\/wp\/v2\/users\/1"}],"replies":[{"embeddable":true,"href":"https:\/\/dricebagy.com\/index.php\/wp-json\/wp\/v2\/comments?post=6"}],"version-history":[{"count":8,"href":"https:\/\/dricebagy.com\/index.php\/wp-json\/wp\/v2\/pages\/6\/revisions"}],"predecessor-version":[{"id":261,"href":"https:\/\/dricebagy.com\/index.php\/wp-json\/wp\/v2\/pages\/6\/revisions\/261"}],"wp:attachment":[{"href":"https:\/\/dricebagy.com\/index.php\/wp-json\/wp\/v2\/media?parent=6"}],"curies":[{"name":"wp","href":"https:\/\/api.w.org\/{rel}","templated":true}]}}